{"id":68902,"date":"2026-01-04T12:29:08","date_gmt":"2026-01-04T12:29:08","guid":{"rendered":"https:\/\/medstream.global\/?post_type=product&#038;p=68902"},"modified":"2026-03-04T17:40:15","modified_gmt":"2026-03-04T13:40:15","slug":"manee-gluta-collagen-pink-juice","status":"publish","type":"product","link":"https:\/\/medstream.global\/de\/produkt\/manee-gluta-collagen-pink-juice\/","title":{"rendered":"Manee Gluta Collagen Pink Juice"},"content":{"rendered":"<p>Manee Gluta Collagen Pink Juice ist ein hochwertiges Sch\u00f6nheits-Supplement aus Thailand, das f\u00fcr einen strahlenden, jugendlichen Teint von innen sorgt. Dieser erfrischende \u201ePink Juice\u201c kombiniert hochwertiges Glutathion und Kollagen mit einer kraftvollen Mischung aus Vitamin C und verschiedenen Fruchtpulvern, darunter Acerola-Kirsche und Tomate. Die antioxidativ reiche Formel unterst\u00fctzt die Entgiftung des K\u00f6rpers und wirkt gleichzeitig gezielt gegen Hautunregelm\u00e4\u00dfigkeiten wie Pigmentflecken und feine Linien. Durch die St\u00e4rkung der kollagenproduzierenden Zellen der Haut sorgt dieses t\u00e4gliche Sch\u00f6nheitsgetr\u00e4nk daf\u00fcr, dass die Haut hydratisiert, fest und strahlend bleibt.<\/p>\n<h3>Wichtige Vorteile &amp; Funktionen<\/h3>\n<ul>\n<li>Hautaufhellung &amp; Strahlkraft: Glutathion reduziert Pigmentflecken, dunkle Stellen und f\u00f6rdert einen nat\u00fcrlichen, gleichm\u00e4\u00dfigen Hautglanz.<\/li>\n<li>Fortschrittliche Anti-Aging-Wirkung: Verbessert die Elastizit\u00e4t und Festigkeit der Haut und mindert sichtbar Falten und feine Linien.<\/li>\n<li>Intensive Feuchtigkeitsversorgung: Erh\u00f6ht die innere Feuchtigkeit f\u00fcr prallere und ges\u00fcnder aussehende Haut.<\/li>\n<li>Antioxidative Entgiftung: Hilft, den K\u00f6rper von Toxinen zu reinigen, was die Hautklarheit und Vitalit\u00e4t deutlich verbessert.<\/li>\n<li>Umfassende Beauty-Unterst\u00fctzung: F\u00f6rdert zus\u00e4tzlich gesundes Haar und st\u00e4rkt N\u00e4gel f\u00fcr mehr Sch\u00f6nheit und Widerstandskraft.<\/li>\n<li>All-in-One N\u00e4hrstoffprofil: Enth\u00e4lt alle wichtigen Kollagentypen sowie Vitamin C und fruchtbasierte Extrakte.<\/li>\n<\/ul>\n<h3>Wirksamkeit &amp; Ergebnisse<\/h3>\n<ul>\n<li>Entz\u00fcndungskontrolle: Hilft, Akne und Hautentz\u00fcndungen zu reduzieren f\u00fcr einen klareren Teint.<\/li>\n<li>Porenverfeinerung: Minimiert das Erscheinungsbild von Poren und strafft die Haut.<\/li>\n<li>Innere Aufhellung: Hellt den gesamten K\u00f6rper von innen auf, indem die Melaninproduktion gezielt beeinflusst wird.<\/li>\n<li>Toxin-Entfernung: Entfernt effektiv Pigmentierungen und unterst\u00fctzt die Zellregeneration.<\/li>\n<\/ul>\n<h3>Produktdetails<\/h3>\n<ul>\n<li>Herkunft: Hergestellt in Thailand<\/li>\n<li>Menge: 1 Packung enth\u00e4lt 30 praktische Sachets<\/li>\n<li>Format: Pulverf\u00f6rmiges Getr\u00e4nkepulver f\u00fcr die einfache t\u00e4gliche Einnahme<\/li>\n<\/ul>\n","protected":false},"excerpt":{"rendered":"<div class=\"flex flex-col text-sm pb-25\">\n<article class=\"text-token-text-primary w-full focus:outline-none [--shadow-height:45px] has-data-writing-block:pointer-events-none has-data-writing-block:-mt-(--shadow-height) has-data-writing-block:pt-(--shadow-height) [&amp;:has([data-writing-block])&gt;*]:pointer-events-auto scroll-mt-[calc(var(--header-height)+min(200px,max(70px,20svh)))]\" dir=\"auto\" data-turn-id=\"request-69a7f659-8a24-8331-be74-779a843f3404-61\" data-testid=\"conversation-turn-144\" data-scroll-anchor=\"true\" data-turn=\"assistant\">\n<div class=\"text-base my-auto mx-auto pb-10 [--thread-content-margin:--spacing(4)] @w-sm\/main:[--thread-content-margin:--spacing(6)] @w-lg\/main:[--thread-content-margin:--spacing(16)] px-(--thread-content-margin)\">\n<div class=\"[--thread-content-max-width:40rem] @w-lg\/main:[--thread-content-max-width:48rem] mx-auto max-w-(--thread-content-max-width) flex-1 group\/turn-messages focus-visible:outline-hidden relative flex w-full min-w-0 flex-col agent-turn\">\n<div class=\"flex max-w-full flex-col grow\">\n<div class=\"min-h-8 text-message relative flex w-full flex-col items-end gap-2 text-start break-words whitespace-normal [.text-message+&amp;]:mt-1\" dir=\"auto\" data-message-author-role=\"assistant\" data-message-id=\"6865945c-4bc1-4eda-b5d9-c91403e6ecba\" data-message-model-slug=\"gpt-5-mini\">\n<div class=\"flex w-full flex-col gap-1 empty:hidden first:pt-[1px]\">\n<div class=\"markdown prose dark:prose-invert w-full wrap-break-word light markdown-new-styling\">\n<p data-start=\"0\" data-end=\"238\" data-is-last-node=\"\" data-is-only-node=\"\">Ein k\u00f6stliches 3-in-1 Sch\u00f6nheitsgetr\u00e4nk aus Thailand mit Glutathion, Kollagen und Vitamin C. Entwickelt, um die Haut aufzuhellen, Akne zu reduzieren, die Elastizit\u00e4t zu steigern und gleichzeitig eine Ganzk\u00f6rper-Entgiftung zu unterst\u00fctzen.<\/p>\n<\/div>\n<\/div>\n<\/div>\n<\/div>\n<\/div>\n<\/div>\n<\/article>\n<\/div>\n","protected":false},"featured_media":68901,"comment_status":"open","ping_status":"closed","template":"","meta":{"_acf_changed":false},"product_brand":[],"product_cat":[490],"product_tag":[],"class_list":{"0":"post-68902","1":"product","2":"type-product","3":"status-publish","4":"has-post-thumbnail","6":"product_cat-nahrungsergaenzungsmittel-vitamine-derma-pen","8":"first","9":"instock","10":"taxable","11":"shipping-taxable","12":"purchasable","13":"product-type-simple"},"acf":[],"_links":{"self":[{"href":"https:\/\/medstream.global\/de\/wp-json\/wp\/v2\/product\/68902","targetHints":{"allow":["GET"]}}],"collection":[{"href":"https:\/\/medstream.global\/de\/wp-json\/wp\/v2\/product"}],"about":[{"href":"https:\/\/medstream.global\/de\/wp-json\/wp\/v2\/types\/product"}],"replies":[{"embeddable":true,"href":"https:\/\/medstream.global\/de\/wp-json\/wp\/v2\/comments?post=68902"}],"version-history":[{"count":0,"href":"https:\/\/medstream.global\/de\/wp-json\/wp\/v2\/product\/68902\/revisions"}],"wp:featuredmedia":[{"embeddable":true,"href":"https:\/\/medstream.global\/de\/wp-json\/wp\/v2\/media\/68901"}],"wp:attachment":[{"href":"https:\/\/medstream.global\/de\/wp-json\/wp\/v2\/media?parent=68902"}],"wp:term":[{"taxonomy":"product_brand","embeddable":true,"href":"https:\/\/medstream.global\/de\/wp-json\/wp\/v2\/product_brand?post=68902"},{"taxonomy":"product_cat","embeddable":true,"href":"https:\/\/medstream.global\/de\/wp-json\/wp\/v2\/product_cat?post=68902"},{"taxonomy":"product_tag","embeddable":true,"href":"https:\/\/medstream.global\/de\/wp-json\/wp\/v2\/product_tag?post=68902"}],"curies":[{"name":"wp","href":"https:\/\/api.w.org\/{rel}","templated":true}]}}