{"id":70222,"date":"2025-10-10T09:56:07","date_gmt":"2025-10-10T09:56:07","guid":{"rendered":"https:\/\/medstream.global\/?post_type=product&#038;p=70222"},"modified":"2026-03-11T15:46:09","modified_gmt":"2026-03-11T11:46:09","slug":"ocheal-elektrische-massage-augencreme","status":"publish","type":"product","link":"https:\/\/medstream.global\/de\/produkt\/ocheal-elektrische-massage-augencreme\/","title":{"rendered":"OCHEAL Elektrische Massage-Augencreme"},"content":{"rendered":"<div class=\"flex flex-col text-sm pb-25\">\n<article class=\"text-token-text-primary w-full focus:outline-none [--shadow-height:45px] has-data-writing-block:pointer-events-none has-data-writing-block:-mt-(--shadow-height) has-data-writing-block:pt-(--shadow-height) [&amp;:has([data-writing-block])&gt;*]:pointer-events-auto scroll-mt-[calc(var(--header-height)+min(200px,max(70px,20svh)))]\" dir=\"auto\" tabindex=\"-1\" data-turn-id=\"request-WEB:c35a3ef3-393e-4a8c-b38b-3a8d435b93f9-18\" data-testid=\"conversation-turn-38\" data-scroll-anchor=\"true\" data-turn=\"assistant\">\n<div class=\"text-base my-auto mx-auto pb-10 [--thread-content-margin:var(--thread-content-margin-xs,calc(var(--spacing)*4))] @w-sm\/main:[--thread-content-margin:var(--thread-content-margin-sm,calc(var(--spacing)*6))] @w-lg\/main:[--thread-content-margin:var(--thread-content-margin-lg,calc(var(--spacing)*16))] px-(--thread-content-margin)\">\n<div class=\"[--thread-content-max-width:40rem] @w-lg\/main:[--thread-content-max-width:48rem] mx-auto max-w-(--thread-content-max-width) flex-1 group\/turn-messages focus-visible:outline-hidden relative flex w-full min-w-0 flex-col agent-turn\" tabindex=\"-1\">\n<div class=\"flex max-w-full flex-col gap-4 grow\">\n<div class=\"min-h-8 text-message relative flex w-full flex-col items-end gap-2 text-start break-words whitespace-normal [.text-message+&amp;]:mt-1\" dir=\"auto\" data-message-author-role=\"assistant\" data-message-id=\"cf63025b-deef-4b6f-992a-574a8a4ba8f2\" data-message-model-slug=\"gpt-5-mini\">\n<div class=\"flex w-full flex-col gap-1 empty:hidden\">\n<div class=\"markdown prose dark:prose-invert w-full wrap-break-word light markdown-new-styling\">\n<p data-start=\"0\" data-end=\"619\">Verwandeln Sie die Augenpartie mit der OCHEAL Elektrischen Massage-Augencreme, der innovativen Sch\u00f6nheitsl\u00f6sung, die wirkungsvolle Hautpflege mit fortschrittlicher Massagetechnologie kombiniert. Dieses luxuri\u00f6se Augenpflege-Gel verf\u00fcgt \u00fcber einen integrierten elektrischen Massagekopf, der die Aufnahme des Produkts verbessert und gleichzeitig intensive Feuchtigkeit durch hochwertiges Hyaluron spendet. Speziell entwickelt, um mehrere Anzeichen der Hautalterung zu bek\u00e4mpfen, hilft diese straffende Augencreme, feine Linien zu reduzieren, Schwellungen zu mindern und m\u00fcden Augen jugendliche Ausstrahlung zur\u00fcckzugeben.<\/p>\n<h3 data-start=\"621\" data-end=\"839\"><strong data-start=\"621\" data-end=\"643\">Wichtige Vorteile:<\/strong><\/h3>\n<ul>\n<li data-start=\"621\" data-end=\"839\"><strong data-start=\"646\" data-end=\"681\">Reduziert feine Linien &amp; Falten<\/strong> \u2013 Hyalurons\u00e4ure spendet tiefenwirksame Feuchtigkeit und polstert die empfindliche Augenpartie auf, wodurch Kr\u00e4henf\u00fc\u00dfe und Ausdruckslinien gegl\u00e4ttet werden.<\/li>\n<li data-start=\"841\" data-end=\"1025\"><strong data-start=\"841\" data-end=\"875\">Elektrische Massagetechnologie<\/strong> \u2013 Der integrierte Massageapplikator f\u00f6rdert eine bessere Aufnahme, verbessert die Durchblutung und regt die Kollagenproduktion f\u00fcr festere Haut an.<\/li>\n<li data-start=\"1027\" data-end=\"1194\"><strong data-start=\"1027\" data-end=\"1054\">Anti-Schwellungs-Effekt<\/strong> \u2013 Der k\u00fchlende Massagekopf hilft, \u00fcbersch\u00fcssige Fl\u00fcssigkeit abzuleiten und Augenringe zu reduzieren, f\u00fcr einen erfrischten, wachen Blick.<\/li>\n<li data-start=\"1196\" data-end=\"1339\"><strong data-start=\"1196\" data-end=\"1234\">Tiefenwirksame Feuchtigkeitsformel<\/strong> \u2013 Versorgt die Augenpartie 24 Stunden lang mit Feuchtigkeit, h\u00e4lt sie weich, geschmeidig und gepflegt.<\/li>\n<li data-start=\"1341\" data-end=\"1470\"><strong data-start=\"1341\" data-end=\"1370\">Straffendes &amp; Lift-Effekt<\/strong> \u2013 St\u00e4rkt die Hautelastizit\u00e4t und strafft die Augenkontur f\u00fcr ein jugendlicheres Erscheinungsbild.<\/li>\n<li data-start=\"1472\" data-end=\"1599\"><strong data-start=\"1472\" data-end=\"1493\">Anti-Aging-Schutz<\/strong> \u2013 Verhindert vorzeitige Alterungserscheinungen und sch\u00fctzt die empfindliche Haut vor Umweltbelastungen.<\/li>\n<li data-start=\"1601\" data-end=\"1731\"><strong data-start=\"1601\" data-end=\"1639\">Aufhellung von dunklen Augenringen<\/strong> \u2013 Verbessert den Hautton und reduziert die Sichtbarkeit von Dunkelheit rund um die Augen.<\/li>\n<li data-start=\"1733\" data-end=\"1825\"><strong data-start=\"1733\" data-end=\"1764\">F\u00fcr alle Hauttypen geeignet<\/strong> \u2013 Sanfte, aber wirkungsvolle Formel f\u00fcr Frauen und M\u00e4nner.<\/li>\n<\/ul>\n<h3 data-start=\"1827\" data-end=\"2345\"><strong data-start=\"1827\" data-end=\"1841\">Anwendung:<\/strong><\/h3>\n<p data-start=\"1827\" data-end=\"2345\" data-is-last-node=\"\" data-is-only-node=\"\">Morgens und abends nach der Reinigung auftragen. Drehen Sie den Deckel, um die elektrische Massagefunktion zu aktivieren. F\u00fchren Sie den Massagekopf sanft in kreisenden Bewegungen rund um die Augenpartie, von den inneren zu den \u00e4u\u00dferen Augenwinkeln. Auf Ober- und Unterlid anwenden, mit Fokus auf Bereiche mit feinen Linien oder Schwellungen. Lassen Sie die Creme vollst\u00e4ndig einziehen, bevor Sie Make-up auftragen. F\u00fcr beste Ergebnisse regelm\u00e4\u00dfig als Teil Ihrer t\u00e4glichen Hautpflegeroutine verwenden.<\/p>\n<\/div>\n<\/div>\n<\/div>\n<\/div>\n<div class=\"z-0 flex min-h-[46px] justify-start\"><\/div>\n<div class=\"mt-3 w-full empty:hidden\">\n<div class=\"text-center\"><\/div>\n<\/div>\n<\/div>\n<\/div>\n<\/article>\n<\/div>\n<div class=\"pointer-events-none h-px w-px absolute bottom-0\" aria-hidden=\"true\" data-edge=\"true\"><\/div>\n","protected":false},"excerpt":{"rendered":"<p>Elektrische Augencreme mit Hyalurons\u00e4ure. Massagetechnologie gl\u00e4ttet feine Linien, reduziert Schwellungen und strafft die Haut. Unverzichtbares Anti-Aging-Sch\u00f6nheitsmittel!<\/p>\n","protected":false},"featured_media":70220,"comment_status":"open","ping_status":"closed","template":"","meta":{"_acf_changed":false},"product_brand":[],"product_cat":[478],"product_tag":[],"class_list":{"0":"post-70222","1":"product","2":"type-product","3":"status-publish","4":"has-post-thumbnail","6":"product_cat-schoenheit-anti-aging","8":"first","9":"outofstock","10":"taxable","11":"shipping-taxable","12":"purchasable","13":"product-type-variable"},"acf":[],"_links":{"self":[{"href":"https:\/\/medstream.global\/de\/wp-json\/wp\/v2\/product\/70222","targetHints":{"allow":["GET"]}}],"collection":[{"href":"https:\/\/medstream.global\/de\/wp-json\/wp\/v2\/product"}],"about":[{"href":"https:\/\/medstream.global\/de\/wp-json\/wp\/v2\/types\/product"}],"replies":[{"embeddable":true,"href":"https:\/\/medstream.global\/de\/wp-json\/wp\/v2\/comments?post=70222"}],"version-history":[{"count":0,"href":"https:\/\/medstream.global\/de\/wp-json\/wp\/v2\/product\/70222\/revisions"}],"wp:featuredmedia":[{"embeddable":true,"href":"https:\/\/medstream.global\/de\/wp-json\/wp\/v2\/media\/70220"}],"wp:attachment":[{"href":"https:\/\/medstream.global\/de\/wp-json\/wp\/v2\/media?parent=70222"}],"wp:term":[{"taxonomy":"product_brand","embeddable":true,"href":"https:\/\/medstream.global\/de\/wp-json\/wp\/v2\/product_brand?post=70222"},{"taxonomy":"product_cat","embeddable":true,"href":"https:\/\/medstream.global\/de\/wp-json\/wp\/v2\/product_cat?post=70222"},{"taxonomy":"product_tag","embeddable":true,"href":"https:\/\/medstream.global\/de\/wp-json\/wp\/v2\/product_tag?post=70222"}],"curies":[{"name":"wp","href":"https:\/\/api.w.org\/{rel}","templated":true}]}}